{"id":248,"date":"2020-10-12T02:55:00","date_gmt":"2020-10-12T02:55:00","guid":{"rendered":"https:\/\/contentgrp.com\/new_portal\/about-us\/"},"modified":"2025-01-23T19:57:25","modified_gmt":"2025-01-23T19:57:25","slug":"soluciones-a-medida","status":"publish","type":"page","link":"https:\/\/contentgrp.com\/new_portal\/soluciones-a-medida\/","title":{"rendered":"Soluciones a la medida UCORE"},"content":{"rendered":"\n<div class=\"wp-block-uagb-container uagb-block-a3af2f00 alignfull uagb-is-root-container\"><div class=\"uagb-container-inner-blocks-wrap\">\n<div class=\"wp-block-uagb-container uagb-block-1eb1d28f\">\n<div class=\"wp-block-columns is-layout-flex wp-container-core-columns-is-layout-28f84493 wp-block-columns-is-layout-flex\">\n<div class=\"wp-block-column is-layout-flow wp-block-column-is-layout-flow\" style=\"flex-basis:100%\">\n<div class=\"wp-block-uagb-advanced-heading uagb-block-a1415b7d\"><h2 class=\"uagb-heading-text\"><strong>Aprendizaje permanente en empresas<\/strong><\/h2><\/div>\n<\/div>\n\n\n\n<div class=\"wp-block-column is-layout-flow wp-block-column-is-layout-flow\" style=\"flex-basis:20%\"><\/div>\n<\/div>\n\n\n\n<div class=\"wp-block-columns is-layout-flex wp-container-core-columns-is-layout-28f84493 wp-block-columns-is-layout-flex\">\n<div class=\"wp-block-column is-vertically-aligned-center is-layout-flow wp-container-core-column-is-layout-c43c6636 wp-block-column-is-layout-flow\" style=\"padding-right:0;padding-left:0;flex-basis:70%\">\n<figure class=\"wp-block-video nfd-wb-animate nfd-wb-fade-in-bottom\"><video height=\"1080\" style=\"aspect-ratio: 1920 \/ 1080;\" width=\"1920\" controls poster=\"https:\/\/contentgrp.com\/new_portal\/wp-content\/uploads\/2023\/12\/poster.png\" src=\"https:\/\/contentgrp.com\/new_portal\/wp-content\/uploads\/2025\/01\/VideoWeb.mp4\"><\/video><\/figure>\n<\/div>\n<\/div>\n<\/div>\n<\/div><\/div>\n\n\n\n<div class=\"wp-block-uagb-container uagb-block-504e4f4f alignfull uagb-is-root-container\"><div class=\"uagb-container-inner-blocks-wrap\">\n<div class=\"wp-block-uagb-advanced-heading uagb-block-a449635f\"><h3 class=\"uagb-heading-text\"><strong>Nuestra propuesta de valor<\/strong><\/h3><div class=\"uagb-separator\"><\/div><p class=\"uagb-desc-text\">Para dar respuesta a lo que las empresas buscan<\/p><\/div>\n\n\n\n<div class=\"wp-block-columns is-layout-flex wp-container-core-columns-is-layout-28f84493 wp-block-columns-is-layout-flex\">\n<div class=\"wp-block-column is-layout-flow wp-block-column-is-layout-flow\" style=\"flex-basis:35%\">\n<div class=\"wp-block-uagb-icon-list uagb-block-461000fe\"><div class=\"uagb-icon-list__wrap\">\n<div class=\"wp-block-uagb-icon-list-child uagb-block-83a9c885\"><span class=\"uagb-icon-list__source-wrap\"><svg xmlns=\"https:\/\/www.w3.org\/2000\/svg\" viewBox=\"0 0 448 512\"><path d=\"M448 336v-288C448 21.49 426.5 0 400 0H96C42.98 0 0 42.98 0 96v320c0 53.02 42.98 96 96 96h320c17.67 0 32-14.33 32-31.1c0-11.72-6.607-21.52-16-27.1v-81.36C441.8 362.8 448 350.2 448 336zM143.1 128h192C344.8 128 352 135.2 352 144C352 152.8 344.8 160 336 160H143.1C135.2 160 128 152.8 128 144C128 135.2 135.2 128 143.1 128zM143.1 192h192C344.8 192 352 199.2 352 208C352 216.8 344.8 224 336 224H143.1C135.2 224 128 216.8 128 208C128 199.2 135.2 192 143.1 192zM384 448H96c-17.67 0-32-14.33-32-32c0-17.67 14.33-32 32-32h288V448z\"><\/path><\/svg><\/span><span class=\"uagb-icon-list__label\"><strong>Modelo propio soportado en un sistema de informaci\u00f3n<\/strong> para alinear los OKR\u2019s y KPI\u2019s con las experiencias de aprendizaje permanente.<\/span><\/div>\n\n\n\n<div class=\"wp-block-uagb-icon-list-child uagb-block-37961e12\"><span class=\"uagb-icon-list__source-wrap\"><svg xmlns=\"https:\/\/www.w3.org\/2000\/svg\" viewBox=\"0 0 640 512\"><path d=\"M184 88C184 118.9 158.9 144 128 144C97.07 144 72 118.9 72 88C72 57.07 97.07 32 128 32C158.9 32 184 57.07 184 88zM208.4 196.3C178.7 222.7 160 261.2 160 304C160 338.3 171.1 369.8 192 394.5V416C192 433.7 177.7 448 160 448H96C78.33 448 64 433.7 64 416V389.2C26.16 371.2 0 332.7 0 288C0 226.1 50.14 176 112 176H144C167.1 176 190.2 183.5 208.4 196.3V196.3zM64 245.7C54.04 256.9 48 271.8 48 288C48 304.2 54.04 319.1 64 330.3V245.7zM448 416V394.5C468 369.8 480 338.3 480 304C480 261.2 461.3 222.7 431.6 196.3C449.8 183.5 472 176 496 176H528C589.9 176 640 226.1 640 288C640 332.7 613.8 371.2 576 389.2V416C576 433.7 561.7 448 544 448H480C462.3 448 448 433.7 448 416zM576 330.3C585.1 319.1 592 304.2 592 288C592 271.8 585.1 256.9 576 245.7V330.3zM568 88C568 118.9 542.9 144 512 144C481.1 144 456 118.9 456 88C456 57.07 481.1 32 512 32C542.9 32 568 57.07 568 88zM256 96C256 60.65 284.7 32 320 32C355.3 32 384 60.65 384 96C384 131.3 355.3 160 320 160C284.7 160 256 131.3 256 96zM448 304C448 348.7 421.8 387.2 384 405.2V448C384 465.7 369.7 480 352 480H288C270.3 480 256 465.7 256 448V405.2C218.2 387.2 192 348.7 192 304C192 242.1 242.1 192 304 192H336C397.9 192 448 242.1 448 304zM256 346.3V261.7C246 272.9 240 287.8 240 304C240 320.2 246 335.1 256 346.3zM384 261.7V346.3C393.1 335 400 320.2 400 304C400 287.8 393.1 272.9 384 261.7z\"><\/path><\/svg><\/span><span class=\"uagb-icon-list__label\"><strong>F\u00e1brica de producci\u00f3n de contenidos con atributos diferenciadores<\/strong> para generar data que permita facilitar un aprendizaje permanente y personalizado.<\/span><\/div>\n\n\n\n<div class=\"wp-block-uagb-icon-list-child uagb-block-e61c78f1\"><span class=\"uagb-icon-list__source-wrap\"><svg xmlns=\"https:\/\/www.w3.org\/2000\/svg\" viewBox=\"0 0 640 512\"><path d=\"M400 32C426.5 32 448 53.49 448 80V336C448 362.5 426.5 384 400 384H266.7L277.3 416H352C369.7 416 384 430.3 384 448C384 465.7 369.7 480 352 480H96C78.33 480 64 465.7 64 448C64 430.3 78.33 416 96 416H170.7L181.3 384H48C21.49 384 0 362.5 0 336V80C0 53.49 21.49 32 48 32H400zM64 96V320H384V96H64zM592 32C618.5 32 640 53.49 640 80V432C640 458.5 618.5 480 592 480H528C501.5 480 480 458.5 480 432V80C480 53.49 501.5 32 528 32H592zM544 96C535.2 96 528 103.2 528 112C528 120.8 535.2 128 544 128H576C584.8 128 592 120.8 592 112C592 103.2 584.8 96 576 96H544zM544 192H576C584.8 192 592 184.8 592 176C592 167.2 584.8 160 576 160H544C535.2 160 528 167.2 528 176C528 184.8 535.2 192 544 192zM560 400C577.7 400 592 385.7 592 368C592 350.3 577.7 336 560 336C542.3 336 528 350.3 528 368C528 385.7 542.3 400 560 400z\"><\/path><\/svg><\/span><span class=\"uagb-icon-list__label\"><strong>Plataforma LXS<\/strong> \u2013 Learning Experience System Web y M\u00f3vil.<\/span><\/div>\n\n\n\n<div class=\"wp-block-uagb-icon-list-child uagb-block-20467267\"><span class=\"uagb-icon-list__source-wrap\"><svg xmlns=\"https:\/\/www.w3.org\/2000\/svg\" viewBox=\"0 0 576 512\"><path d=\"M208 80C208 53.49 229.5 32 256 32H320C346.5 32 368 53.49 368 80V144C368 170.5 346.5 192 320 192H312V232H464C494.9 232 520 257.1 520 288V320H528C554.5 320 576 341.5 576 368V432C576 458.5 554.5 480 528 480H464C437.5 480 416 458.5 416 432V368C416 341.5 437.5 320 464 320H472V288C472 283.6 468.4 280 464 280H312V320H320C346.5 320 368 341.5 368 368V432C368 458.5 346.5 480 320 480H256C229.5 480 208 458.5 208 432V368C208 341.5 229.5 320 256 320H264V280H112C107.6 280 104 283.6 104 288V320H112C138.5 320 160 341.5 160 368V432C160 458.5 138.5 480 112 480H48C21.49 480 0 458.5 0 432V368C0 341.5 21.49 320 48 320H56V288C56 257.1 81.07 232 112 232H264V192H256C229.5 192 208 170.5 208 144V80z\"><\/path><\/svg><\/span><span class=\"uagb-icon-list__label\"><strong>Centro de experiencia de usuario <\/strong>con motores de Machine Learning e IAP para acompa\u00f1ar a los usuarios en la generaci\u00f3n de inter\u00e9s por aprender y compartir conocimiento.<\/span><\/div>\n<\/div><\/div>\n<\/div>\n\n\n\n<div class=\"wp-block-column is-layout-flow wp-block-column-is-layout-flow\" style=\"flex-basis:65%\">\n<div class=\"wp-block-uagb-image aligncenter uagb-block-6380ac74 wp-block-uagb-image--layout-default wp-block-uagb-image--effect-zoomin wp-block-uagb-image--align-center\"><figure class=\"wp-block-uagb-image__figure\"><img data-recalc-dims=\"1\" loading=\"lazy\" decoding=\"async\" srcset=\"https:\/\/contentgrp.com\/new_portal\/wp-content\/uploads\/2023\/12\/modelo-4.png ,https:\/\/contentgrp.com\/new_portal\/wp-content\/uploads\/2023\/12\/modelo-4.png 780w, https:\/\/contentgrp.com\/new_portal\/wp-content\/uploads\/2023\/12\/modelo-4.png 360w\" sizes=\"auto, (max-width: 480px) 150px\" src=\"https:\/\/i0.wp.com\/contentgrp.com\/new_portal\/wp-content\/uploads\/2023\/12\/modelo-4.png?resize=1353%2C1080&#038;ssl=1\" alt=\"\" class=\"uag-image-1744\" width=\"1353\" height=\"1080\" title=\"\" loading=\"lazy\" role=\"img\"\/><\/figure><\/div>\n<\/div>\n<\/div>\n<\/div><\/div>\n\n\n\n<div class=\"wp-block-uagb-container uagb-block-e130fd9b alignfull uagb-is-root-container\"><div class=\"uagb-container-inner-blocks-wrap\">\n<div class=\"wp-block-columns is-layout-flex wp-container-core-columns-is-layout-1cc65121 wp-block-columns-is-layout-flex\" style=\"margin-top:var(--wp--preset--spacing--80);margin-bottom:var(--wp--preset--spacing--80);padding-right:var(--wp--preset--spacing--80);padding-left:var(--wp--preset--spacing--80)\">\n<div class=\"wp-block-column is-layout-flow wp-block-column-is-layout-flow\" style=\"flex-basis:50%\">\n<div class=\"wp-block-uagb-advanced-heading uagb-block-bb29c4fa\"><h3 class=\"uagb-heading-text\">\u00bfC\u00f3mo podemos apoyar con <strong style=\"color: #00b0f0; font-weight: bold;\">nuestro modelo <\/strong>los <strong style=\"color: #00b0f0; font-weight: bold;\">retos internos<\/strong> de su compa\u00f1\u00eda?<\/h3><\/div>\n<\/div>\n\n\n\n<div class=\"wp-block-column is-layout-flow wp-block-column-is-layout-flow\" style=\"flex-basis:50%\">\n<a class=\"gb-button gb-button-478cd91d gb-button-text nfd-wb-animate nfd-wb-fade-in-left-short nfd-delay-50\" href=\"https:\/\/contentgrp.com\/new_portal\/#Contacto\"><strong>Contacto<\/strong><\/a>\n<\/div>\n<\/div>\n<\/div><\/div>\n","protected":false},"excerpt":{"rendered":"<p>Aprendizaje permanente en empresas Nuestra propuesta de valor Para dar respuesta a lo que las empresas buscan \u00bfC\u00f3mo podemos apoyar con nuestro modelo los retos internos de su compa\u00f1\u00eda?<\/p>\n","protected":false},"author":1,"featured_media":0,"parent":0,"menu_order":0,"comment_status":"closed","ping_status":"closed","template":"","meta":{"nf_dc_page":"","om_disable_all_campaigns":false,"_uag_custom_page_level_css":"","site-sidebar-layout":"no-sidebar","site-content-layout":"plain-container","ast-site-content-layout":"normal-width-container","site-content-style":"unboxed","site-sidebar-style":"unboxed","ast-global-header-display":"","ast-banner-title-visibility":"","ast-main-header-display":"","ast-hfb-above-header-display":"","ast-hfb-below-header-display":"","ast-hfb-mobile-header-display":"","site-post-title":"disabled","ast-breadcrumbs-content":"","ast-featured-img":"disabled","footer-sml-layout":"","ast-disable-related-posts":"","theme-transparent-header-meta":"enabled","adv-header-id-meta":"","stick-header-meta":"","header-above-stick-meta":"","header-main-stick-meta":"","header-below-stick-meta":"","astra-migrate-meta-layouts":"set","ast-page-background-enabled":"default","ast-page-background-meta":{"desktop":{"background-color":"","background-image":"","background-repeat":"repeat","background-position":"center center","background-size":"auto","background-attachment":"scroll","background-type":"","background-media":"","overlay-type":"","overlay-color":"","overlay-opacity":"","overlay-gradient":""},"tablet":{"background-color":"","background-image":"","background-repeat":"repeat","background-position":"center center","background-size":"auto","background-attachment":"scroll","background-type":"","background-media":"","overlay-type":"","overlay-color":"","overlay-opacity":"","overlay-gradient":""},"mobile":{"background-color":"","background-image":"","background-repeat":"repeat","background-position":"center center","background-size":"auto","background-attachment":"scroll","background-type":"","background-media":"","overlay-type":"","overlay-color":"","overlay-opacity":"","overlay-gradient":""}},"ast-content-background-meta":{"desktop":{"background-color":"var(--ast-global-color-5)","background-image":"","background-repeat":"repeat","background-position":"center center","background-size":"auto","background-attachment":"scroll","background-type":"","background-media":"","overlay-type":"","overlay-color":"","overlay-opacity":"","overlay-gradient":""},"tablet":{"background-color":"var(--ast-global-color-5)","background-image":"","background-repeat":"repeat","background-position":"center center","background-size":"auto","background-attachment":"scroll","background-type":"","background-media":"","overlay-type":"","overlay-color":"","overlay-opacity":"","overlay-gradient":""},"mobile":{"background-color":"var(--ast-global-color-5)","background-image":"","background-repeat":"repeat","background-position":"center center","background-size":"auto","background-attachment":"scroll","background-type":"","background-media":"","overlay-type":"","overlay-color":"","overlay-opacity":"","overlay-gradient":""}},"_joinchat":[],"footnotes":""},"class_list":["post-248","page","type-page","status-publish","hentry"],"yoast_head":"<!-- This site is optimized with the Yoast SEO plugin v27.4 - https:\/\/yoast.com\/product\/yoast-seo-wordpress\/ -->\n<title>Soluciones a la medida UCORE - Content Group<\/title>\n<meta name=\"robots\" content=\"index, follow, max-snippet:-1, max-image-preview:large, max-video-preview:-1\" \/>\n<link rel=\"canonical\" href=\"https:\/\/contentgrp.com\/new_portal\/soluciones-a-medida\/\" \/>\n<meta property=\"og:locale\" content=\"es_ES\" \/>\n<meta property=\"og:type\" content=\"article\" \/>\n<meta property=\"og:title\" content=\"Soluciones a la medida UCORE - Content Group\" \/>\n<meta property=\"og:description\" content=\"Aprendizaje permanente en empresas Nuestra propuesta de valor Para dar respuesta a lo que las empresas buscan \u00bfC\u00f3mo podemos apoyar con nuestro modelo los retos internos de su compa\u00f1\u00eda?\" \/>\n<meta property=\"og:url\" content=\"https:\/\/contentgrp.com\/new_portal\/soluciones-a-medida\/\" \/>\n<meta property=\"og:site_name\" content=\"Content Group\" \/>\n<meta property=\"article:modified_time\" content=\"2025-01-23T19:57:25+00:00\" \/>\n<meta property=\"og:image\" content=\"https:\/\/contentgrp.com\/new_portal\/wp-content\/uploads\/2023\/12\/modelo-4.png\" \/>\n<meta name=\"twitter:card\" content=\"summary_large_image\" \/>\n<meta name=\"twitter:label1\" content=\"Tiempo de lectura\" \/>\n\t<meta name=\"twitter:data1\" content=\"1 minuto\" \/>\n<script type=\"application\/ld+json\" class=\"yoast-schema-graph\">{\"@context\":\"https:\\\/\\\/schema.org\",\"@graph\":[{\"@type\":\"WebPage\",\"@id\":\"https:\\\/\\\/contentgrp.com\\\/new_portal\\\/soluciones-a-medida\\\/\",\"url\":\"https:\\\/\\\/contentgrp.com\\\/new_portal\\\/soluciones-a-medida\\\/\",\"name\":\"Soluciones a la medida UCORE - Content Group\",\"isPartOf\":{\"@id\":\"https:\\\/\\\/contentgrp.com\\\/new_portal\\\/#website\"},\"primaryImageOfPage\":{\"@id\":\"https:\\\/\\\/contentgrp.com\\\/new_portal\\\/soluciones-a-medida\\\/#primaryimage\"},\"image\":{\"@id\":\"https:\\\/\\\/contentgrp.com\\\/new_portal\\\/soluciones-a-medida\\\/#primaryimage\"},\"thumbnailUrl\":\"https:\\\/\\\/contentgrp.com\\\/new_portal\\\/wp-content\\\/uploads\\\/2023\\\/12\\\/modelo-4.png\",\"datePublished\":\"2020-10-12T02:55:00+00:00\",\"dateModified\":\"2025-01-23T19:57:25+00:00\",\"breadcrumb\":{\"@id\":\"https:\\\/\\\/contentgrp.com\\\/new_portal\\\/soluciones-a-medida\\\/#breadcrumb\"},\"inLanguage\":\"es\",\"potentialAction\":[{\"@type\":\"ReadAction\",\"target\":[\"https:\\\/\\\/contentgrp.com\\\/new_portal\\\/soluciones-a-medida\\\/\"]}]},{\"@type\":\"ImageObject\",\"inLanguage\":\"es\",\"@id\":\"https:\\\/\\\/contentgrp.com\\\/new_portal\\\/soluciones-a-medida\\\/#primaryimage\",\"url\":\"https:\\\/\\\/i0.wp.com\\\/contentgrp.com\\\/new_portal\\\/wp-content\\\/uploads\\\/2023\\\/12\\\/modelo-4.png?fit=1353%2C1080&ssl=1\",\"contentUrl\":\"https:\\\/\\\/i0.wp.com\\\/contentgrp.com\\\/new_portal\\\/wp-content\\\/uploads\\\/2023\\\/12\\\/modelo-4.png?fit=1353%2C1080&ssl=1\",\"width\":1353,\"height\":1080},{\"@type\":\"BreadcrumbList\",\"@id\":\"https:\\\/\\\/contentgrp.com\\\/new_portal\\\/soluciones-a-medida\\\/#breadcrumb\",\"itemListElement\":[{\"@type\":\"ListItem\",\"position\":1,\"name\":\"Home\",\"item\":\"https:\\\/\\\/contentgrp.com\\\/new_portal\\\/\"},{\"@type\":\"ListItem\",\"position\":2,\"name\":\"Soluciones a la medida UCORE\"}]},{\"@type\":\"WebSite\",\"@id\":\"https:\\\/\\\/contentgrp.com\\\/new_portal\\\/#website\",\"url\":\"https:\\\/\\\/contentgrp.com\\\/new_portal\\\/\",\"name\":\"Content Group\",\"description\":\"\",\"publisher\":{\"@id\":\"https:\\\/\\\/contentgrp.com\\\/new_portal\\\/#organization\"},\"potentialAction\":[{\"@type\":\"SearchAction\",\"target\":{\"@type\":\"EntryPoint\",\"urlTemplate\":\"https:\\\/\\\/contentgrp.com\\\/new_portal\\\/?s={search_term_string}\"},\"query-input\":{\"@type\":\"PropertyValueSpecification\",\"valueRequired\":true,\"valueName\":\"search_term_string\"}}],\"inLanguage\":\"es\"},{\"@type\":\"Organization\",\"@id\":\"https:\\\/\\\/contentgrp.com\\\/new_portal\\\/#organization\",\"name\":\"Content Group\",\"url\":\"https:\\\/\\\/contentgrp.com\\\/new_portal\\\/\",\"logo\":{\"@type\":\"ImageObject\",\"inLanguage\":\"es\",\"@id\":\"https:\\\/\\\/contentgrp.com\\\/new_portal\\\/#\\\/schema\\\/logo\\\/image\\\/\",\"url\":\"https:\\\/\\\/i0.wp.com\\\/contentgrp.com\\\/new_portal\\\/wp-content\\\/uploads\\\/2023\\\/12\\\/cropped-cropped-logo-header.png?fit=180%2C60&ssl=1\",\"contentUrl\":\"https:\\\/\\\/i0.wp.com\\\/contentgrp.com\\\/new_portal\\\/wp-content\\\/uploads\\\/2023\\\/12\\\/cropped-cropped-logo-header.png?fit=180%2C60&ssl=1\",\"width\":180,\"height\":60,\"caption\":\"Content Group\"},\"image\":{\"@id\":\"https:\\\/\\\/contentgrp.com\\\/new_portal\\\/#\\\/schema\\\/logo\\\/image\\\/\"}}]}<\/script>\n<!-- \/ Yoast SEO plugin. -->","yoast_head_json":{"title":"Soluciones a la medida UCORE - Content Group","robots":{"index":"index","follow":"follow","max-snippet":"max-snippet:-1","max-image-preview":"max-image-preview:large","max-video-preview":"max-video-preview:-1"},"canonical":"https:\/\/contentgrp.com\/new_portal\/soluciones-a-medida\/","og_locale":"es_ES","og_type":"article","og_title":"Soluciones a la medida UCORE - Content Group","og_description":"Aprendizaje permanente en empresas Nuestra propuesta de valor Para dar respuesta a lo que las empresas buscan \u00bfC\u00f3mo podemos apoyar con nuestro modelo los retos internos de su compa\u00f1\u00eda?","og_url":"https:\/\/contentgrp.com\/new_portal\/soluciones-a-medida\/","og_site_name":"Content Group","article_modified_time":"2025-01-23T19:57:25+00:00","og_image":[{"url":"https:\/\/contentgrp.com\/new_portal\/wp-content\/uploads\/2023\/12\/modelo-4.png","type":"","width":"","height":""}],"twitter_card":"summary_large_image","twitter_misc":{"Tiempo de lectura":"1 minuto"},"schema":{"@context":"https:\/\/schema.org","@graph":[{"@type":"WebPage","@id":"https:\/\/contentgrp.com\/new_portal\/soluciones-a-medida\/","url":"https:\/\/contentgrp.com\/new_portal\/soluciones-a-medida\/","name":"Soluciones a la medida UCORE - Content Group","isPartOf":{"@id":"https:\/\/contentgrp.com\/new_portal\/#website"},"primaryImageOfPage":{"@id":"https:\/\/contentgrp.com\/new_portal\/soluciones-a-medida\/#primaryimage"},"image":{"@id":"https:\/\/contentgrp.com\/new_portal\/soluciones-a-medida\/#primaryimage"},"thumbnailUrl":"https:\/\/contentgrp.com\/new_portal\/wp-content\/uploads\/2023\/12\/modelo-4.png","datePublished":"2020-10-12T02:55:00+00:00","dateModified":"2025-01-23T19:57:25+00:00","breadcrumb":{"@id":"https:\/\/contentgrp.com\/new_portal\/soluciones-a-medida\/#breadcrumb"},"inLanguage":"es","potentialAction":[{"@type":"ReadAction","target":["https:\/\/contentgrp.com\/new_portal\/soluciones-a-medida\/"]}]},{"@type":"ImageObject","inLanguage":"es","@id":"https:\/\/contentgrp.com\/new_portal\/soluciones-a-medida\/#primaryimage","url":"https:\/\/i0.wp.com\/contentgrp.com\/new_portal\/wp-content\/uploads\/2023\/12\/modelo-4.png?fit=1353%2C1080&ssl=1","contentUrl":"https:\/\/i0.wp.com\/contentgrp.com\/new_portal\/wp-content\/uploads\/2023\/12\/modelo-4.png?fit=1353%2C1080&ssl=1","width":1353,"height":1080},{"@type":"BreadcrumbList","@id":"https:\/\/contentgrp.com\/new_portal\/soluciones-a-medida\/#breadcrumb","itemListElement":[{"@type":"ListItem","position":1,"name":"Home","item":"https:\/\/contentgrp.com\/new_portal\/"},{"@type":"ListItem","position":2,"name":"Soluciones a la medida UCORE"}]},{"@type":"WebSite","@id":"https:\/\/contentgrp.com\/new_portal\/#website","url":"https:\/\/contentgrp.com\/new_portal\/","name":"Content Group","description":"","publisher":{"@id":"https:\/\/contentgrp.com\/new_portal\/#organization"},"potentialAction":[{"@type":"SearchAction","target":{"@type":"EntryPoint","urlTemplate":"https:\/\/contentgrp.com\/new_portal\/?s={search_term_string}"},"query-input":{"@type":"PropertyValueSpecification","valueRequired":true,"valueName":"search_term_string"}}],"inLanguage":"es"},{"@type":"Organization","@id":"https:\/\/contentgrp.com\/new_portal\/#organization","name":"Content Group","url":"https:\/\/contentgrp.com\/new_portal\/","logo":{"@type":"ImageObject","inLanguage":"es","@id":"https:\/\/contentgrp.com\/new_portal\/#\/schema\/logo\/image\/","url":"https:\/\/i0.wp.com\/contentgrp.com\/new_portal\/wp-content\/uploads\/2023\/12\/cropped-cropped-logo-header.png?fit=180%2C60&ssl=1","contentUrl":"https:\/\/i0.wp.com\/contentgrp.com\/new_portal\/wp-content\/uploads\/2023\/12\/cropped-cropped-logo-header.png?fit=180%2C60&ssl=1","width":180,"height":60,"caption":"Content Group"},"image":{"@id":"https:\/\/contentgrp.com\/new_portal\/#\/schema\/logo\/image\/"}}]}},"uagb_featured_image_src":{"full":false,"thumbnail":false,"medium":false,"medium_large":false,"large":false,"1536x1536":false,"2048x2048":false},"uagb_author_info":{"display_name":"Content Group","author_link":"https:\/\/contentgrp.com\/new_portal\/author\/wincerfunc\/"},"uagb_comment_info":0,"uagb_excerpt":"Aprendizaje permanente en empresas Nuestra propuesta de valor Para dar respuesta a lo que las empresas buscan \u00bfC\u00f3mo podemos apoyar con nuestro modelo los retos internos de su compa\u00f1\u00eda?","jetpack_sharing_enabled":true,"_links":{"self":[{"href":"https:\/\/contentgrp.com\/new_portal\/wp-json\/wp\/v2\/pages\/248","targetHints":{"allow":["GET"]}}],"collection":[{"href":"https:\/\/contentgrp.com\/new_portal\/wp-json\/wp\/v2\/pages"}],"about":[{"href":"https:\/\/contentgrp.com\/new_portal\/wp-json\/wp\/v2\/types\/page"}],"author":[{"embeddable":true,"href":"https:\/\/contentgrp.com\/new_portal\/wp-json\/wp\/v2\/users\/1"}],"replies":[{"embeddable":true,"href":"https:\/\/contentgrp.com\/new_portal\/wp-json\/wp\/v2\/comments?post=248"}],"version-history":[{"count":5,"href":"https:\/\/contentgrp.com\/new_portal\/wp-json\/wp\/v2\/pages\/248\/revisions"}],"predecessor-version":[{"id":2205,"href":"https:\/\/contentgrp.com\/new_portal\/wp-json\/wp\/v2\/pages\/248\/revisions\/2205"}],"wp:attachment":[{"href":"https:\/\/contentgrp.com\/new_portal\/wp-json\/wp\/v2\/media?parent=248"}],"curies":[{"name":"wp","href":"https:\/\/api.w.org\/{rel}","templated":true}]}}