{"id":2001,"date":"2024-08-22T13:29:40","date_gmt":"2024-08-22T13:29:40","guid":{"rendered":"https:\/\/contentgrp.com\/new_portal\/?page_id=2001"},"modified":"2025-02-04T17:28:31","modified_gmt":"2025-02-04T17:28:31","slug":"sectores-economicos","status":"publish","type":"page","link":"https:\/\/contentgrp.com\/new_portal\/sectores-economicos\/","title":{"rendered":"Sectores Econ\u00f3micos"},"content":{"rendered":"\n<div class=\"wp-block-uagb-container uagb-block-5e868557 alignfull uagb-is-root-container\"><div class=\"uagb-container-inner-blocks-wrap\">\n<div class=\"wp-block-uagb-advanced-heading uagb-block-957517f3\"><h3 class=\"uagb-heading-text\"><strong style=\"color:#ed7d32;\"><strong>La oportunidad <\/strong><\/strong><strong>que hemos identificado<\/strong>.<\/h3><\/div>\n<\/div><\/div>\n\n\n\n<div class=\"wp-block-uagb-container uagb-block-81c1b43a alignfull uagb-is-root-container\"><div class=\"uagb-container-inner-blocks-wrap\">\n<div class=\"nfd-container nfd-p-lg wp-block-group is-layout-constrained wp-block-group-is-layout-constrained\" style=\"padding-top:0;padding-bottom:0\">\n<div class=\"wp-block-columns is-layout-flex wp-container-core-columns-is-layout-28f84493 wp-block-columns-is-layout-flex\">\n<div class=\"wp-block-column is-layout-flow wp-block-column-is-layout-flow\" style=\"flex-basis:100%\">\n<div class=\"wp-block-uagb-container uagb-block-075aec02\">\n<div class=\"wp-block-uagb-advanced-heading uagb-block-3e55a034\"><p class=\"uagb-heading-text\">Las PYMES logran resultados comerciales tangibles y sostenibles, asegurando su competitividad en un mercado en constante evoluci\u00f3n.<\/p><\/div>\n<\/div>\n<\/div>\n<\/div>\n<\/div>\n\n\n\n<figure class=\"wp-block-video\"><video height=\"1080\" style=\"aspect-ratio: 1920 \/ 1080;\" width=\"1920\" controls poster=\"https:\/\/contentgrp.com\/new_portal\/wp-content\/uploads\/2023\/12\/poster.png\" src=\"https:\/\/contentgrp.com\/new_portal\/wp-content\/uploads\/2025\/02\/Set4sales.mp4\"><\/video><\/figure>\n<\/div><\/div>\n\n\n\n<div class=\"wp-block-uagb-container uagb-block-504e4f4f alignfull uagb-is-root-container\"><div class=\"uagb-container-inner-blocks-wrap\">\n<div class=\"wp-block-uagb-advanced-heading uagb-block-a449635f\"><h3 class=\"uagb-heading-text\"><strong><strong>Beneficios para la PYME<\/strong><\/strong><\/h3><div class=\"uagb-separator\"><\/div><\/div>\n\n\n\n<div class=\"wp-block-columns is-layout-flex wp-container-core-columns-is-layout-28f84493 wp-block-columns-is-layout-flex\">\n<div class=\"wp-block-column is-layout-flow wp-block-column-is-layout-flow\" style=\"flex-basis:70%\">\n<div class=\"wp-block-uagb-container uagb-block-86decdb3\">\n<div class=\"wp-block-uagb-icon-list uagb-block-b8613b50\"><div class=\"uagb-icon-list__wrap\">\n<div class=\"wp-block-uagb-icon-list-child uagb-block-7745bb79\"><span class=\"uagb-icon-list__source-wrap\"><svg xmlns=\"https:\/\/www.w3.org\/2000\/svg\" viewBox=\"0 0 512 512\"><path d=\"M352.6 127.1c-28.12 0-54.13 4.5-77.13 12.88l12.38-123.1c1.125-10.5-8.125-18.88-18.5-17.63C189.6 10.12 127.1 77.62 127.1 159.4c0 28.12 4.5 54.13 12.88 77.13L17.75 224.1c-10.5-1.125-18.88 8.125-17.63 18.5c9.1 79.75 77.5 141.4 159.3 141.4c28.12 0 54.13-4.5 77.13-12.88l-12.38 123.1c-1.125 10.38 8.125 18.88 18.5 17.63c79.75-10 141.4-77.5 141.4-159.3c0-28.12-4.5-54.13-12.88-77.13l123.1 12.38c10.5 1.125 18.88-8.125 17.63-18.5C501.9 189.6 434.4 127.1 352.6 127.1zM255.1 287.1c-17.62 0-31.1-14.38-31.1-32s14.37-32 31.1-32s31.1 14.38 31.1 32S273.6 287.1 255.1 287.1z\"><\/path><\/svg><\/span><span class=\"uagb-icon-list__label\"><strong>30 indicadores claves de la gesti\u00f3n comercial<\/strong> asociados a 6 canales comerciales para impactar el resultado.<\/span><\/div>\n\n\n\n<div class=\"wp-block-uagb-icon-list-child uagb-block-518a9be0\"><span class=\"uagb-icon-list__source-wrap\"><svg xmlns=\"https:\/\/www.w3.org\/2000\/svg\" viewBox=\"0 0 512 512\"><path d=\"M352.6 127.1c-28.12 0-54.13 4.5-77.13 12.88l12.38-123.1c1.125-10.5-8.125-18.88-18.5-17.63C189.6 10.12 127.1 77.62 127.1 159.4c0 28.12 4.5 54.13 12.88 77.13L17.75 224.1c-10.5-1.125-18.88 8.125-17.63 18.5c9.1 79.75 77.5 141.4 159.3 141.4c28.12 0 54.13-4.5 77.13-12.88l-12.38 123.1c-1.125 10.38 8.125 18.88 18.5 17.63c79.75-10 141.4-77.5 141.4-159.3c0-28.12-4.5-54.13-12.88-77.13l123.1 12.38c10.5 1.125 18.88-8.125 17.63-18.5C501.9 189.6 434.4 127.1 352.6 127.1zM255.1 287.1c-17.62 0-31.1-14.38-31.1-32s14.37-32 31.1-32s31.1 14.38 31.1 32S273.6 287.1 255.1 287.1z\"><\/path><\/svg><\/span><span class=\"uagb-icon-list__label\">El fortalecimiento de habilidades<strong> claves para impactar el resultado.<\/strong><\/span><\/div>\n\n\n\n<div class=\"wp-block-uagb-icon-list-child uagb-block-26c76cf0\"><span class=\"uagb-icon-list__source-wrap\"><svg xmlns=\"https:\/\/www.w3.org\/2000\/svg\" viewBox=\"0 0 512 512\"><path d=\"M352.6 127.1c-28.12 0-54.13 4.5-77.13 12.88l12.38-123.1c1.125-10.5-8.125-18.88-18.5-17.63C189.6 10.12 127.1 77.62 127.1 159.4c0 28.12 4.5 54.13 12.88 77.13L17.75 224.1c-10.5-1.125-18.88 8.125-17.63 18.5c9.1 79.75 77.5 141.4 159.3 141.4c28.12 0 54.13-4.5 77.13-12.88l-12.38 123.1c-1.125 10.38 8.125 18.88 18.5 17.63c79.75-10 141.4-77.5 141.4-159.3c0-28.12-4.5-54.13-12.88-77.13l123.1 12.38c10.5 1.125 18.88-8.125 17.63-18.5C501.9 189.6 434.4 127.1 352.6 127.1zM255.1 287.1c-17.62 0-31.1-14.38-31.1-32s14.37-32 31.1-32s31.1 14.38 31.1 32S273.6 287.1 255.1 287.1z\"><\/path><\/svg><\/span><span class=\"uagb-icon-list__label\"><strong>Alcanzar mayor adaptabilidad a cambios<\/strong> del mercado manteniendo a los equipos actualizados sobre tendencias del mercado, cambios en las preferencias del consumidor y nuevas tecnolog\u00edas <strong>aprendiendo a usar herramientas como BI, DA, BA. AA, IA asociadas a los procesos comerciales para impactar los resultados.<\/strong><\/span><\/div>\n\n\n\n<div class=\"wp-block-uagb-icon-list-child uagb-block-bf4b0c09\"><span class=\"uagb-icon-list__source-wrap\"><svg xmlns=\"https:\/\/www.w3.org\/2000\/svg\" viewBox=\"0 0 512 512\"><path d=\"M352.6 127.1c-28.12 0-54.13 4.5-77.13 12.88l12.38-123.1c1.125-10.5-8.125-18.88-18.5-17.63C189.6 10.12 127.1 77.62 127.1 159.4c0 28.12 4.5 54.13 12.88 77.13L17.75 224.1c-10.5-1.125-18.88 8.125-17.63 18.5c9.1 79.75 77.5 141.4 159.3 141.4c28.12 0 54.13-4.5 77.13-12.88l-12.38 123.1c-1.125 10.38 8.125 18.88 18.5 17.63c79.75-10 141.4-77.5 141.4-159.3c0-28.12-4.5-54.13-12.88-77.13l123.1 12.38c10.5 1.125 18.88-8.125 17.63-18.5C501.9 189.6 434.4 127.1 352.6 127.1zM255.1 287.1c-17.62 0-31.1-14.38-31.1-32s14.37-32 31.1-32s31.1 14.38 31.1 32S273.6 287.1 255.1 287.1z\"><\/path><\/svg><\/span><span class=\"uagb-icon-list__label\">Temas de <strong>crecimiento personal y familiar<\/strong>.<\/span><\/div>\n\n\n\n<div class=\"wp-block-uagb-icon-list-child uagb-block-19a1c013\"><span class=\"uagb-icon-list__source-wrap\"><svg xmlns=\"https:\/\/www.w3.org\/2000\/svg\" viewBox=\"0 0 512 512\"><path d=\"M352.6 127.1c-28.12 0-54.13 4.5-77.13 12.88l12.38-123.1c1.125-10.5-8.125-18.88-18.5-17.63C189.6 10.12 127.1 77.62 127.1 159.4c0 28.12 4.5 54.13 12.88 77.13L17.75 224.1c-10.5-1.125-18.88 8.125-17.63 18.5c9.1 79.75 77.5 141.4 159.3 141.4c28.12 0 54.13-4.5 77.13-12.88l-12.38 123.1c-1.125 10.38 8.125 18.88 18.5 17.63c79.75-10 141.4-77.5 141.4-159.3c0-28.12-4.5-54.13-12.88-77.13l123.1 12.38c10.5 1.125 18.88-8.125 17.63-18.5C501.9 189.6 434.4 127.1 352.6 127.1zM255.1 287.1c-17.62 0-31.1-14.38-31.1-32s14.37-32 31.1-32s31.1 14.38 31.1 32S273.6 287.1 255.1 287.1z\"><\/path><\/svg><\/span><span class=\"uagb-icon-list__label\">Entre otros.<\/span><\/div>\n<\/div><\/div>\n<\/div>\n<\/div>\n\n\n\n<div class=\"wp-block-column is-layout-flow wp-block-column-is-layout-flow\" style=\"flex-basis:50%\">\n<div class=\"wp-block-uagb-image aligncenter uagb-block-753e2758 wp-block-uagb-image--layout-default wp-block-uagb-image--effect-zoomin wp-block-uagb-image--align-center\"><figure class=\"wp-block-uagb-image__figure\"><img data-recalc-dims=\"1\" loading=\"lazy\" decoding=\"async\" srcset=\"https:\/\/contentgrp.com\/new_portal\/wp-content\/uploads\/2025\/01\/shutterstock_2478761707.jpg ,https:\/\/contentgrp.com\/new_portal\/wp-content\/uploads\/2025\/01\/shutterstock_2478761707.jpg 780w, https:\/\/contentgrp.com\/new_portal\/wp-content\/uploads\/2025\/01\/shutterstock_2478761707.jpg 360w\" sizes=\"auto, (max-width: 480px) 150px\" src=\"https:\/\/i0.wp.com\/contentgrp.com\/new_portal\/wp-content\/uploads\/2025\/01\/shutterstock_2478761707.jpg?resize=483%2C475&#038;ssl=1\" alt=\"\" class=\"uag-image-2190\" width=\"483\" height=\"475\" title=\"Analysis,Finance,Grow,Graph,And,Market,Investment.,Financial,Business,Plan,earnings,sale\" loading=\"lazy\" role=\"img\"\/><\/figure><\/div>\n<\/div>\n<\/div>\n<\/div><\/div>\n\n\n\n<div class=\"wp-block-uagb-container uagb-block-e130fd9b alignfull uagb-is-root-container\"><div class=\"uagb-container-inner-blocks-wrap\">\n<div class=\"wp-block-columns is-layout-flex wp-container-core-columns-is-layout-08fcc6cd wp-block-columns-is-layout-flex\" style=\"margin-top:var(--wp--preset--spacing--80);margin-bottom:var(--wp--preset--spacing--80);padding-right:var(--wp--preset--spacing--70);padding-left:var(--wp--preset--spacing--70)\">\n<div class=\"wp-block-column is-layout-flow wp-block-column-is-layout-flow\" style=\"flex-basis:45%\">\n<div class=\"wp-block-uagb-advanced-heading uagb-block-62ff316b\"><h3 class=\"uagb-heading-text\">\u00bfQu\u00e9 esperamos <strong style=\"color:#00B0F0; font-weight:700;\">del relacionamiento?<\/strong><\/h3><\/div>\n\n\n\n<div class=\"wp-block-uagb-advanced-heading uagb-block-f624c785\"><h3 class=\"uagb-heading-text\"><strong>Ser aliados para:<\/strong><br>Unir esfuerzos y capacidades para lograr un prop\u00f3sito com\u00fan.<\/h3><\/div>\n\n\n\n<div class=\"wp-block-uagb-advanced-heading uagb-block-46371d0f\"><h3 class=\"uagb-heading-text\"><strong style=\"color:#00B0F0; font-weight:700;\">\u00a1Crecer conjuntamente!<\/strong><\/h3><\/div>\n<\/div>\n\n\n\n<div class=\"wp-block-column is-layout-flow wp-block-column-is-layout-flow\" style=\"flex-basis:45%\">\n<a class=\"gb-button gb-button-a14e5d70\" href=\"https:\/\/contentgrp.com\/new_portal\/#Contacto\"><span class=\"gb-icon\"><svg aria-hidden=\"true\" role=\"img\" height=\"1em\" width=\"1em\" viewBox=\"0 0 496 512\" xmlns=\"http:\/\/www.w3.org\/2000\/svg\"><path fill=\"currentColor\" d=\"M248 8C111 8 0 119 0 256s111 248 248 248 248-111 248-248S385 8 248 8zm0 96c48.6 0 88 39.4 88 88s-39.4 88-88 88-88-39.4-88-88 39.4-88 88-88zm0 344c-58.7 0-111.3-26.6-146.5-68.2 18.8-35.4 55.6-59.8 98.5-59.8 2.4 0 4.8.4 7.1 1.1 13 4.2 26.6 6.9 40.9 6.9 14.3 0 28-2.7 40.9-6.9 2.3-.7 4.7-1.1 7.1-1.1 42.9 0 79.7 24.4 98.5 59.8C359.3 421.4 306.7 448 248 448z\"><\/path><\/svg><\/span><span class=\"gb-button-text\"><strong>Contacto<\/strong><\/span><\/a>\n\n\n\n<div class=\"wp-block-uagb-advanced-heading uagb-block-fd09a05a\"><h3 class=\"uagb-heading-text\"><strong style=\"color:#00B0F0; font-weight:700;\"><strong>Su resultado, <\/strong><\/strong><br><strong style=\"color:#00B0F0; font-weight:700;\"><strong>nuestra prioridad.<\/strong><\/strong><\/h3><\/div>\n<\/div>\n<\/div>\n<\/div><\/div>\n","protected":false},"excerpt":{"rendered":"<p>La oportunidad que hemos identificado. Las PYMES logran resultados comerciales tangibles y sostenibles, asegurando su competitividad en un mercado en constante evoluci\u00f3n. Beneficios para la PYME \u00bfQu\u00e9 esperamos del relacionamiento? Ser aliados para:Unir esfuerzos y capacidades para lograr un prop\u00f3sito com\u00fan. \u00a1Crecer conjuntamente! Su resultado, nuestra prioridad.<\/p>\n","protected":false},"author":1,"featured_media":0,"parent":0,"menu_order":0,"comment_status":"closed","ping_status":"closed","template":"","meta":{"nf_dc_page":"","om_disable_all_campaigns":false,"_uag_custom_page_level_css":"","site-sidebar-layout":"no-sidebar","site-content-layout":"","ast-site-content-layout":"normal-width-container","site-content-style":"unboxed","site-sidebar-style":"unboxed","ast-global-header-display":"","ast-banner-title-visibility":"","ast-main-header-display":"","ast-hfb-above-header-display":"","ast-hfb-below-header-display":"","ast-hfb-mobile-header-display":"","site-post-title":"disabled","ast-breadcrumbs-content":"","ast-featured-img":"","footer-sml-layout":"","ast-disable-related-posts":"","theme-transparent-header-meta":"enabled","adv-header-id-meta":"","stick-header-meta":"","header-above-stick-meta":"","header-main-stick-meta":"","header-below-stick-meta":"","astra-migrate-meta-layouts":"set","ast-page-background-enabled":"default","ast-page-background-meta":{"desktop":{"background-color":"","background-image":"","background-repeat":"repeat","background-position":"center center","background-size":"auto","background-attachment":"scroll","background-type":"","background-media":"","overlay-type":"","overlay-color":"","overlay-opacity":"","overlay-gradient":""},"tablet":{"background-color":"","background-image":"","background-repeat":"repeat","background-position":"center center","background-size":"auto","background-attachment":"scroll","background-type":"","background-media":"","overlay-type":"","overlay-color":"","overlay-opacity":"","overlay-gradient":""},"mobile":{"background-color":"","background-image":"","background-repeat":"repeat","background-position":"center center","background-size":"auto","background-attachment":"scroll","background-type":"","background-media":"","overlay-type":"","overlay-color":"","overlay-opacity":"","overlay-gradient":""}},"ast-content-background-meta":{"desktop":{"background-color":"var(--ast-global-color-5)","background-image":"","background-repeat":"repeat","background-position":"center center","background-size":"auto","background-attachment":"scroll","background-type":"","background-media":"","overlay-type":"","overlay-color":"","overlay-opacity":"","overlay-gradient":""},"tablet":{"background-color":"var(--ast-global-color-5)","background-image":"","background-repeat":"repeat","background-position":"center center","background-size":"auto","background-attachment":"scroll","background-type":"","background-media":"","overlay-type":"","overlay-color":"","overlay-opacity":"","overlay-gradient":""},"mobile":{"background-color":"var(--ast-global-color-5)","background-image":"","background-repeat":"repeat","background-position":"center center","background-size":"auto","background-attachment":"scroll","background-type":"","background-media":"","overlay-type":"","overlay-color":"","overlay-opacity":"","overlay-gradient":""}},"_joinchat":[],"footnotes":""},"class_list":["post-2001","page","type-page","status-publish","hentry"],"yoast_head":"<!-- This site is optimized with the Yoast SEO plugin v27.4 - https:\/\/yoast.com\/product\/yoast-seo-wordpress\/ -->\n<title>Sectores Econ\u00f3micos - Content Group<\/title>\n<meta name=\"robots\" content=\"index, follow, max-snippet:-1, max-image-preview:large, max-video-preview:-1\" \/>\n<link rel=\"canonical\" href=\"https:\/\/contentgrp.com\/new_portal\/sectores-economicos\/\" \/>\n<meta property=\"og:locale\" content=\"es_ES\" \/>\n<meta property=\"og:type\" content=\"article\" \/>\n<meta property=\"og:title\" content=\"Sectores Econ\u00f3micos - Content Group\" \/>\n<meta property=\"og:description\" content=\"La oportunidad que hemos identificado. Las PYMES logran resultados comerciales tangibles y sostenibles, asegurando su competitividad en un mercado en constante evoluci\u00f3n. Beneficios para la PYME \u00bfQu\u00e9 esperamos del relacionamiento? Ser aliados para:Unir esfuerzos y capacidades para lograr un prop\u00f3sito com\u00fan. \u00a1Crecer conjuntamente! Su resultado, nuestra prioridad.\" \/>\n<meta property=\"og:url\" content=\"https:\/\/contentgrp.com\/new_portal\/sectores-economicos\/\" \/>\n<meta property=\"og:site_name\" content=\"Content Group\" \/>\n<meta property=\"article:modified_time\" content=\"2025-02-04T17:28:31+00:00\" \/>\n<meta property=\"og:image\" content=\"https:\/\/contentgrp.com\/new_portal\/wp-content\/uploads\/2025\/01\/shutterstock_2478761707.jpg\" \/>\n<meta name=\"twitter:card\" content=\"summary_large_image\" \/>\n<meta name=\"twitter:label1\" content=\"Tiempo de lectura\" \/>\n\t<meta name=\"twitter:data1\" content=\"1 minuto\" \/>\n<script type=\"application\/ld+json\" class=\"yoast-schema-graph\">{\"@context\":\"https:\\\/\\\/schema.org\",\"@graph\":[{\"@type\":\"WebPage\",\"@id\":\"https:\\\/\\\/contentgrp.com\\\/new_portal\\\/sectores-economicos\\\/\",\"url\":\"https:\\\/\\\/contentgrp.com\\\/new_portal\\\/sectores-economicos\\\/\",\"name\":\"Sectores Econ\u00f3micos - Content Group\",\"isPartOf\":{\"@id\":\"https:\\\/\\\/contentgrp.com\\\/new_portal\\\/#website\"},\"primaryImageOfPage\":{\"@id\":\"https:\\\/\\\/contentgrp.com\\\/new_portal\\\/sectores-economicos\\\/#primaryimage\"},\"image\":{\"@id\":\"https:\\\/\\\/contentgrp.com\\\/new_portal\\\/sectores-economicos\\\/#primaryimage\"},\"thumbnailUrl\":\"https:\\\/\\\/contentgrp.com\\\/new_portal\\\/wp-content\\\/uploads\\\/2025\\\/01\\\/shutterstock_2478761707.jpg\",\"datePublished\":\"2024-08-22T13:29:40+00:00\",\"dateModified\":\"2025-02-04T17:28:31+00:00\",\"breadcrumb\":{\"@id\":\"https:\\\/\\\/contentgrp.com\\\/new_portal\\\/sectores-economicos\\\/#breadcrumb\"},\"inLanguage\":\"es\",\"potentialAction\":[{\"@type\":\"ReadAction\",\"target\":[\"https:\\\/\\\/contentgrp.com\\\/new_portal\\\/sectores-economicos\\\/\"]}]},{\"@type\":\"ImageObject\",\"inLanguage\":\"es\",\"@id\":\"https:\\\/\\\/contentgrp.com\\\/new_portal\\\/sectores-economicos\\\/#primaryimage\",\"url\":\"https:\\\/\\\/i0.wp.com\\\/contentgrp.com\\\/new_portal\\\/wp-content\\\/uploads\\\/2025\\\/01\\\/shutterstock_2478761707.jpg?fit=1000%2C655&ssl=1\",\"contentUrl\":\"https:\\\/\\\/i0.wp.com\\\/contentgrp.com\\\/new_portal\\\/wp-content\\\/uploads\\\/2025\\\/01\\\/shutterstock_2478761707.jpg?fit=1000%2C655&ssl=1\",\"width\":1000,\"height\":655},{\"@type\":\"BreadcrumbList\",\"@id\":\"https:\\\/\\\/contentgrp.com\\\/new_portal\\\/sectores-economicos\\\/#breadcrumb\",\"itemListElement\":[{\"@type\":\"ListItem\",\"position\":1,\"name\":\"Home\",\"item\":\"https:\\\/\\\/contentgrp.com\\\/new_portal\\\/\"},{\"@type\":\"ListItem\",\"position\":2,\"name\":\"Sectores Econ\u00f3micos\"}]},{\"@type\":\"WebSite\",\"@id\":\"https:\\\/\\\/contentgrp.com\\\/new_portal\\\/#website\",\"url\":\"https:\\\/\\\/contentgrp.com\\\/new_portal\\\/\",\"name\":\"Content Group\",\"description\":\"\",\"publisher\":{\"@id\":\"https:\\\/\\\/contentgrp.com\\\/new_portal\\\/#organization\"},\"potentialAction\":[{\"@type\":\"SearchAction\",\"target\":{\"@type\":\"EntryPoint\",\"urlTemplate\":\"https:\\\/\\\/contentgrp.com\\\/new_portal\\\/?s={search_term_string}\"},\"query-input\":{\"@type\":\"PropertyValueSpecification\",\"valueRequired\":true,\"valueName\":\"search_term_string\"}}],\"inLanguage\":\"es\"},{\"@type\":\"Organization\",\"@id\":\"https:\\\/\\\/contentgrp.com\\\/new_portal\\\/#organization\",\"name\":\"Content Group\",\"url\":\"https:\\\/\\\/contentgrp.com\\\/new_portal\\\/\",\"logo\":{\"@type\":\"ImageObject\",\"inLanguage\":\"es\",\"@id\":\"https:\\\/\\\/contentgrp.com\\\/new_portal\\\/#\\\/schema\\\/logo\\\/image\\\/\",\"url\":\"https:\\\/\\\/i0.wp.com\\\/contentgrp.com\\\/new_portal\\\/wp-content\\\/uploads\\\/2023\\\/12\\\/cropped-cropped-logo-header.png?fit=180%2C60&ssl=1\",\"contentUrl\":\"https:\\\/\\\/i0.wp.com\\\/contentgrp.com\\\/new_portal\\\/wp-content\\\/uploads\\\/2023\\\/12\\\/cropped-cropped-logo-header.png?fit=180%2C60&ssl=1\",\"width\":180,\"height\":60,\"caption\":\"Content Group\"},\"image\":{\"@id\":\"https:\\\/\\\/contentgrp.com\\\/new_portal\\\/#\\\/schema\\\/logo\\\/image\\\/\"}}]}<\/script>\n<!-- \/ Yoast SEO plugin. -->","yoast_head_json":{"title":"Sectores Econ\u00f3micos - Content Group","robots":{"index":"index","follow":"follow","max-snippet":"max-snippet:-1","max-image-preview":"max-image-preview:large","max-video-preview":"max-video-preview:-1"},"canonical":"https:\/\/contentgrp.com\/new_portal\/sectores-economicos\/","og_locale":"es_ES","og_type":"article","og_title":"Sectores Econ\u00f3micos - Content Group","og_description":"La oportunidad que hemos identificado. Las PYMES logran resultados comerciales tangibles y sostenibles, asegurando su competitividad en un mercado en constante evoluci\u00f3n. Beneficios para la PYME \u00bfQu\u00e9 esperamos del relacionamiento? Ser aliados para:Unir esfuerzos y capacidades para lograr un prop\u00f3sito com\u00fan. \u00a1Crecer conjuntamente! Su resultado, nuestra prioridad.","og_url":"https:\/\/contentgrp.com\/new_portal\/sectores-economicos\/","og_site_name":"Content Group","article_modified_time":"2025-02-04T17:28:31+00:00","og_image":[{"url":"https:\/\/contentgrp.com\/new_portal\/wp-content\/uploads\/2025\/01\/shutterstock_2478761707.jpg","type":"","width":"","height":""}],"twitter_card":"summary_large_image","twitter_misc":{"Tiempo de lectura":"1 minuto"},"schema":{"@context":"https:\/\/schema.org","@graph":[{"@type":"WebPage","@id":"https:\/\/contentgrp.com\/new_portal\/sectores-economicos\/","url":"https:\/\/contentgrp.com\/new_portal\/sectores-economicos\/","name":"Sectores Econ\u00f3micos - Content Group","isPartOf":{"@id":"https:\/\/contentgrp.com\/new_portal\/#website"},"primaryImageOfPage":{"@id":"https:\/\/contentgrp.com\/new_portal\/sectores-economicos\/#primaryimage"},"image":{"@id":"https:\/\/contentgrp.com\/new_portal\/sectores-economicos\/#primaryimage"},"thumbnailUrl":"https:\/\/contentgrp.com\/new_portal\/wp-content\/uploads\/2025\/01\/shutterstock_2478761707.jpg","datePublished":"2024-08-22T13:29:40+00:00","dateModified":"2025-02-04T17:28:31+00:00","breadcrumb":{"@id":"https:\/\/contentgrp.com\/new_portal\/sectores-economicos\/#breadcrumb"},"inLanguage":"es","potentialAction":[{"@type":"ReadAction","target":["https:\/\/contentgrp.com\/new_portal\/sectores-economicos\/"]}]},{"@type":"ImageObject","inLanguage":"es","@id":"https:\/\/contentgrp.com\/new_portal\/sectores-economicos\/#primaryimage","url":"https:\/\/i0.wp.com\/contentgrp.com\/new_portal\/wp-content\/uploads\/2025\/01\/shutterstock_2478761707.jpg?fit=1000%2C655&ssl=1","contentUrl":"https:\/\/i0.wp.com\/contentgrp.com\/new_portal\/wp-content\/uploads\/2025\/01\/shutterstock_2478761707.jpg?fit=1000%2C655&ssl=1","width":1000,"height":655},{"@type":"BreadcrumbList","@id":"https:\/\/contentgrp.com\/new_portal\/sectores-economicos\/#breadcrumb","itemListElement":[{"@type":"ListItem","position":1,"name":"Home","item":"https:\/\/contentgrp.com\/new_portal\/"},{"@type":"ListItem","position":2,"name":"Sectores Econ\u00f3micos"}]},{"@type":"WebSite","@id":"https:\/\/contentgrp.com\/new_portal\/#website","url":"https:\/\/contentgrp.com\/new_portal\/","name":"Content Group","description":"","publisher":{"@id":"https:\/\/contentgrp.com\/new_portal\/#organization"},"potentialAction":[{"@type":"SearchAction","target":{"@type":"EntryPoint","urlTemplate":"https:\/\/contentgrp.com\/new_portal\/?s={search_term_string}"},"query-input":{"@type":"PropertyValueSpecification","valueRequired":true,"valueName":"search_term_string"}}],"inLanguage":"es"},{"@type":"Organization","@id":"https:\/\/contentgrp.com\/new_portal\/#organization","name":"Content Group","url":"https:\/\/contentgrp.com\/new_portal\/","logo":{"@type":"ImageObject","inLanguage":"es","@id":"https:\/\/contentgrp.com\/new_portal\/#\/schema\/logo\/image\/","url":"https:\/\/i0.wp.com\/contentgrp.com\/new_portal\/wp-content\/uploads\/2023\/12\/cropped-cropped-logo-header.png?fit=180%2C60&ssl=1","contentUrl":"https:\/\/i0.wp.com\/contentgrp.com\/new_portal\/wp-content\/uploads\/2023\/12\/cropped-cropped-logo-header.png?fit=180%2C60&ssl=1","width":180,"height":60,"caption":"Content Group"},"image":{"@id":"https:\/\/contentgrp.com\/new_portal\/#\/schema\/logo\/image\/"}}]}},"uagb_featured_image_src":{"full":false,"thumbnail":false,"medium":false,"medium_large":false,"large":false,"1536x1536":false,"2048x2048":false},"uagb_author_info":{"display_name":"Content Group","author_link":"https:\/\/contentgrp.com\/new_portal\/author\/wincerfunc\/"},"uagb_comment_info":0,"uagb_excerpt":"La oportunidad que hemos identificado. Las PYMES logran resultados comerciales tangibles y sostenibles, asegurando su competitividad en un mercado en constante evoluci\u00f3n. Beneficios para la PYME \u00bfQu\u00e9 esperamos del relacionamiento? Ser aliados para:Unir esfuerzos y capacidades para lograr un prop\u00f3sito com\u00fan. \u00a1Crecer conjuntamente! Su resultado, nuestra prioridad.","jetpack_sharing_enabled":true,"_links":{"self":[{"href":"https:\/\/contentgrp.com\/new_portal\/wp-json\/wp\/v2\/pages\/2001","targetHints":{"allow":["GET"]}}],"collection":[{"href":"https:\/\/contentgrp.com\/new_portal\/wp-json\/wp\/v2\/pages"}],"about":[{"href":"https:\/\/contentgrp.com\/new_portal\/wp-json\/wp\/v2\/types\/page"}],"author":[{"embeddable":true,"href":"https:\/\/contentgrp.com\/new_portal\/wp-json\/wp\/v2\/users\/1"}],"replies":[{"embeddable":true,"href":"https:\/\/contentgrp.com\/new_portal\/wp-json\/wp\/v2\/comments?post=2001"}],"version-history":[{"count":4,"href":"https:\/\/contentgrp.com\/new_portal\/wp-json\/wp\/v2\/pages\/2001\/revisions"}],"predecessor-version":[{"id":2218,"href":"https:\/\/contentgrp.com\/new_portal\/wp-json\/wp\/v2\/pages\/2001\/revisions\/2218"}],"wp:attachment":[{"href":"https:\/\/contentgrp.com\/new_portal\/wp-json\/wp\/v2\/media?parent=2001"}],"curies":[{"name":"wp","href":"https:\/\/api.w.org\/{rel}","templated":true}]}}